{"id":1097,"date":"2022-06-22T15:54:32","date_gmt":"2022-06-22T13:54:32","guid":{"rendered":"https:\/\/www.prownes.pl\/faq\/"},"modified":"2022-07-08T09:43:09","modified_gmt":"2022-07-08T07:43:09","slug":"faq","status":"publish","type":"page","link":"https:\/\/www.prownes.pl\/cs\/faq\/","title":{"rendered":"Nej\u010dast\u011bj\u0161\u00ed dotazy FAQ"},"content":{"rendered":"<p><strong>1. Jak\u00e1 je cena n\u00e1vrhu?<\/strong><\/p>\n<p>Ka\u017ed\u00fd projekt je nacen\u011bn individu\u00e1ln\u011b. Cena projektu je individu\u00e1ln\u00ed z\u00e1le\u017eitost\u00ed a&nbsp;z\u00e1vis\u00ed na&nbsp;rozsahu a&nbsp;velikosti navrhovan\u00e9ho objektu.<\/p>\n<p>Odhad p\u0159edb\u011b\u017en\u00fdch n\u00e1klad\u016f prov\u00e1d\u00edme na&nbsp;z\u00e1klad\u011b zaslan\u00fdch, nakreslen\u00fdch a&nbsp;ok\u00f3tovan\u00fdch p\u016fdorys\u016f nebo projektov\u00e9 dokumentace objektu.<\/p>\n<p>Kone\u010dn\u00e9 ocen\u011bn\u00ed obdr\u017e\u00edte po&nbsp;na\u0161\u00ed n\u00e1v\u0161t\u011bv\u011b, pot\u00e9 co ur\u010d\u00edme rozsah prac\u00ed a&nbsp;provedeme vlastn\u00ed inventuru.<\/p>\n<p>Za \u00fa\u010delem projedn\u00e1n\u00ed projektu a&nbsp;jeho ocen\u011bn\u00ed n\u00e1s pros\u00edm kontaktujte prost\u0159ednictv\u00edm\u00a0<a href=\"https:\/\/www.prownes.pl\/en\/faq\/#fancybox-popupform\">kontaktn\u00edho formul\u00e1\u0159e na&nbsp;na\u0161ich webov\u00fdch str\u00e1nk\u00e1ch<\/a><\/p>\n<p><strong>2. Co n\u00e1vrh obsahuje?<\/strong><\/p>\n<ul>\n<li>Komplexn\u00ed n\u00e1vrh firmy Prownes obsahuje:<\/li>\n<li>Technick\u00fd popis<\/li>\n<li>Funk\u010dn\u00ed uspo\u0159\u00e1d\u00e1n\u00ed m\u00edstnosti (existuje mo\u017enost v\u00fdb\u011bru ze 2 &#8211; 3 variant)<\/li>\n<li>V\u00edceoborovou dokumentaci schv\u00e1lenou Hlavn\u00edm sanit\u00e1rn\u00edm inspektor\u00e1tem a&nbsp;BOZP<\/li>\n<li>3D vizualizaci &#8211; po&nbsp;v\u00fdb\u011bru jednoho ze t\u0159\u00ed funk\u010dn\u00edch uspo\u0159\u00e1d\u00e1n\u00ed<\/li>\n<li>Kompletn\u00ed stavebn\u00ed rozpo\u010det investice<\/li>\n<\/ul>\n<p><strong>3. Jak dlouho trv\u00e1 p\u0159\u00edprava projektov\u00e9 dokumentace?<\/strong><\/p>\n<p>V\u011bt\u0161inu na\u0161ich projekt\u016f realizujeme do&nbsp;2 t\u00fddn\u016f od podpisu smlouvy \u201eo n\u00e1vrhu interi\u00e9ru\u201c.<\/p>\n<p>Doba realizace z\u00e1vis\u00ed na&nbsp;velikosti projektovan\u00e9 plochy a&nbsp;rozsahu smlouvy.<\/p>\n<p><strong>4. Co je to realizace na&nbsp;kl\u00ed\u010d?<\/strong><\/p>\n<p>Firma Prownes m\u00e1 ve sv\u00e9 nab\u00eddce mo\u017enost realizace \u201ena kl\u00ed\u010d\u201c.<\/p>\n<p>Jedn\u00e1 se o&nbsp;v\u00fdhodnou formu spolupr\u00e1ce p\u0159edev\u0161\u00edm pro z\u00e1kazn\u00edka, proto\u017ee v kone\u010dn\u00e9m d\u016fsledku \u0161et\u0159\u00ed \u010das a&nbsp;v mnoha p\u0159\u00edpadech i&nbsp;investovan\u00e9 prost\u0159edky. V dohodnut\u00e9 f\u00e1zi investice n\u00e1m sv\u00e9 prostory n\u00e1m p\u0159ed\u00e1v\u00e1te a&nbsp;pak je z\u00edsk\u00e1te zp\u011bt pln\u011b p\u0159ipraven\u00e9 k provozu. Zab\u00fdv\u00e1me se kompletn\u00ed logistikou n\u00e1kupu, od stavebn\u00edch materi\u00e1l\u016f p\u0159es dekora\u010dn\u00ed prvky, a\u017e po&nbsp;v\u00fdrobu n\u00e1bytku a&nbsp;jeho mont\u00e1\u017e, v\u010detn\u011b vybaven\u00ed, kter\u00e9 je sou\u010d\u00e1st\u00ed n\u00e1vrhu.<\/p>\n<p><strong>5. Kdy lze s n\u00e1mi zah\u00e1jit spolupr\u00e1ci?<\/strong><\/p>\n<p>Doba zah\u00e1jen\u00ed spolupr\u00e1ce je pro \u00fasp\u011b\u0161nost investice z\u00e1sadn\u00ed, tak\u017ee na&nbsp;ot\u00e1zku: Kdy? V\u017edy odpov\u00edd\u00e1me: Co nejd\u0159\u00edv. \u00a0Doporu\u010dujeme zah\u00e1jit spolupr\u00e1ci ihned po&nbsp;koupi prostor, proto\u017ee to umo\u017e\u0148uje prov\u00e9st developersk\u00e9 \u010di stavebn\u00ed zm\u011bny ji\u017e v ran\u00e9 f\u00e1zi investice, co\u017e z\u00e1kazn\u00edkovi v\u00fdrazn\u011b optimalizuje kone\u010dn\u00e9 n\u00e1klady.<\/p>\n<p><strong>6. Navrhujete v m\u00e9m m\u011bst\u011b?<\/strong><\/p>\n<p>Firma Prownes provozuje svou \u010dinnost na&nbsp;cel\u00e9m \u00fazem\u00ed Polska a&nbsp;Evropy.<\/p>\n<p><strong>7. Nena\u0161li jste odpov\u011b\u010f na&nbsp;sv\u016fj dotaz?<\/strong><\/p>\n<p>Nev\u00e1hejte n\u00e1s kontaktovat prost\u0159ednictv\u00edm\u00a0<a href=\"https:\/\/www.prownes.pl\/en\/faq\/#fancybox-popupform\">formul\u00e1\u0159e na<\/a><u> webov\u00fdch str\u00e1nk\u00e1ch<\/u>, rychle odpov\u00edme i&nbsp;p\u0159es Messenger nebo\u00a0e-mail: biuro@prownes.pl.<\/p>\n","protected":false},"excerpt":{"rendered":"<p>1. Jak\u00e1 je cena n\u00e1vrhu? Ka\u017ed\u00fd projekt je nacen\u011bn individu\u00e1ln\u011b. Cena projektu je individu\u00e1ln\u00ed z\u00e1le\u017eitost\u00ed a&nbsp;z\u00e1vis\u00ed na&nbsp;rozsahu a&nbsp;velikosti navrhovan\u00e9ho objektu. Odhad p\u0159edb\u011b\u017en\u00fdch n\u00e1klad\u016f prov\u00e1d\u00edme na&nbsp;z\u00e1klad\u011b zaslan\u00fdch, nakreslen\u00fdch a&nbsp;ok\u00f3tovan\u00fdch p\u016fdorys\u016f nebo projektov\u00e9 dokumentace objektu. Kone\u010dn\u00e9 ocen\u011bn\u00ed obdr\u017e\u00edte po&nbsp;na\u0161\u00ed n\u00e1v\u0161t\u011bv\u011b, pot\u00e9 co ur\u010d\u00edme rozsah prac\u00ed a&nbsp;provedeme vlastn\u00ed inventuru. Za \u00fa\u010delem projedn\u00e1n\u00ed projektu a&nbsp;jeho ocen\u011bn\u00ed n\u00e1s pros\u00edm kontaktujte &hellip; <\/p>\n<p class=\"link-more\"><a href=\"https:\/\/www.prownes.pl\/cs\/faq\/\" class=\"more-link\">Continue reading<span class=\"screen-reader-text\"> &#8222;Nej\u010dast\u011bj\u0161\u00ed dotazy FAQ&#8220;<\/span><\/a><\/p>\n","protected":false},"author":1,"featured_media":0,"parent":0,"menu_order":0,"comment_status":"closed","ping_status":"closed","template":"","meta":{"_acf_changed":false,"footnotes":""},"class_list":["post-1097","page","type-page","status-publish","hentry"],"acf":[],"yoast_head":"<!-- This site is optimized with the Yoast SEO plugin v25.2 - https:\/\/yoast.com\/wordpress\/plugins\/seo\/ -->\n<title>Nej\u010dast\u011bj\u0161\u00ed dotazy FAQ - Prownes<\/title>\n<meta name=\"robots\" content=\"index, follow, max-snippet:-1, max-image-preview:large, max-video-preview:-1\" \/>\n<link rel=\"canonical\" href=\"https:\/\/www.prownes.pl\/cs\/faq\/\" \/>\n<meta property=\"og:locale\" content=\"cs_CZ\" \/>\n<meta property=\"og:type\" content=\"article\" \/>\n<meta property=\"og:title\" content=\"Nej\u010dast\u011bj\u0161\u00ed dotazy FAQ - Prownes\" \/>\n<meta property=\"og:description\" content=\"1. Jak\u00e1 je cena n\u00e1vrhu? Ka\u017ed\u00fd projekt je nacen\u011bn individu\u00e1ln\u011b. Cena projektu je individu\u00e1ln\u00ed z\u00e1le\u017eitost\u00ed a&nbsp;z\u00e1vis\u00ed na&nbsp;rozsahu a&nbsp;velikosti navrhovan\u00e9ho objektu. Odhad p\u0159edb\u011b\u017en\u00fdch n\u00e1klad\u016f prov\u00e1d\u00edme na&nbsp;z\u00e1klad\u011b zaslan\u00fdch, nakreslen\u00fdch a&nbsp;ok\u00f3tovan\u00fdch p\u016fdorys\u016f nebo projektov\u00e9 dokumentace objektu. Kone\u010dn\u00e9 ocen\u011bn\u00ed obdr\u017e\u00edte po&nbsp;na\u0161\u00ed n\u00e1v\u0161t\u011bv\u011b, pot\u00e9 co ur\u010d\u00edme rozsah prac\u00ed a&nbsp;provedeme vlastn\u00ed inventuru. Za \u00fa\u010delem projedn\u00e1n\u00ed projektu a&nbsp;jeho ocen\u011bn\u00ed n\u00e1s pros\u00edm kontaktujte &hellip; Continue reading &quot;Nej\u010dast\u011bj\u0161\u00ed dotazy FAQ&quot;\" \/>\n<meta property=\"og:url\" content=\"https:\/\/www.prownes.pl\/cs\/faq\/\" \/>\n<meta property=\"og:site_name\" content=\"Prownes\" \/>\n<meta property=\"article:modified_time\" content=\"2022-07-08T07:43:09+00:00\" \/>\n<meta name=\"twitter:card\" content=\"summary_large_image\" \/>\n<meta name=\"twitter:label1\" content=\"Odhadovan\u00e1 doba \u010dten\u00ed\" \/>\n\t<meta name=\"twitter:data1\" content=\"2 minuty\" \/>\n<script type=\"application\/ld+json\" class=\"yoast-schema-graph\">{\"@context\":\"https:\/\/schema.org\",\"@graph\":[{\"@type\":\"WebPage\",\"@id\":\"https:\/\/www.prownes.pl\/cs\/faq\/\",\"url\":\"https:\/\/www.prownes.pl\/cs\/faq\/\",\"name\":\"Nej\u010dast\u011bj\u0161\u00ed dotazy FAQ - Prownes\",\"isPartOf\":{\"@id\":\"https:\/\/www.prownes.pl\/#website\"},\"datePublished\":\"2022-06-22T13:54:32+00:00\",\"dateModified\":\"2022-07-08T07:43:09+00:00\",\"breadcrumb\":{\"@id\":\"https:\/\/www.prownes.pl\/cs\/faq\/#breadcrumb\"},\"inLanguage\":\"cs\",\"potentialAction\":[{\"@type\":\"ReadAction\",\"target\":[\"https:\/\/www.prownes.pl\/cs\/faq\/\"]}]},{\"@type\":\"BreadcrumbList\",\"@id\":\"https:\/\/www.prownes.pl\/cs\/faq\/#breadcrumb\",\"itemListElement\":[{\"@type\":\"ListItem\",\"position\":1,\"name\":\"Home\",\"item\":\"https:\/\/www.prownes.pl\/cs\/\"},{\"@type\":\"ListItem\",\"position\":2,\"name\":\"Nej\u010dast\u011bj\u0161\u00ed dotazy FAQ\"}]},{\"@type\":\"WebSite\",\"@id\":\"https:\/\/www.prownes.pl\/#website\",\"url\":\"https:\/\/www.prownes.pl\/\",\"name\":\"Prownes\",\"description\":\"Kompleksowa realizacja przestrzeni komercyjnych  od projektu po realizacj\u0119\",\"publisher\":{\"@id\":\"https:\/\/www.prownes.pl\/#organization\"},\"potentialAction\":[{\"@type\":\"SearchAction\",\"target\":{\"@type\":\"EntryPoint\",\"urlTemplate\":\"https:\/\/www.prownes.pl\/?s={search_term_string}\"},\"query-input\":{\"@type\":\"PropertyValueSpecification\",\"valueRequired\":true,\"valueName\":\"search_term_string\"}}],\"inLanguage\":\"cs\"},{\"@type\":\"Organization\",\"@id\":\"https:\/\/www.prownes.pl\/#organization\",\"name\":\"Prownes\",\"url\":\"https:\/\/www.prownes.pl\/\",\"logo\":{\"@type\":\"ImageObject\",\"inLanguage\":\"cs\",\"@id\":\"https:\/\/www.prownes.pl\/#\/schema\/logo\/image\/\",\"url\":\"https:\/\/www.prownes.pl\/wp-content\/uploads\/2022\/06\/logo_prownes.svg\",\"contentUrl\":\"https:\/\/www.prownes.pl\/wp-content\/uploads\/2022\/06\/logo_prownes.svg\",\"width\":362,\"height\":110,\"caption\":\"Prownes\"},\"image\":{\"@id\":\"https:\/\/www.prownes.pl\/#\/schema\/logo\/image\/\"}}]}<\/script>\n<!-- \/ Yoast SEO plugin. -->","yoast_head_json":{"title":"Nej\u010dast\u011bj\u0161\u00ed dotazy FAQ - Prownes","robots":{"index":"index","follow":"follow","max-snippet":"max-snippet:-1","max-image-preview":"max-image-preview:large","max-video-preview":"max-video-preview:-1"},"canonical":"https:\/\/www.prownes.pl\/cs\/faq\/","og_locale":"cs_CZ","og_type":"article","og_title":"Nej\u010dast\u011bj\u0161\u00ed dotazy FAQ - Prownes","og_description":"1. Jak\u00e1 je cena n\u00e1vrhu? Ka\u017ed\u00fd projekt je nacen\u011bn individu\u00e1ln\u011b. Cena projektu je individu\u00e1ln\u00ed z\u00e1le\u017eitost\u00ed a&nbsp;z\u00e1vis\u00ed na&nbsp;rozsahu a&nbsp;velikosti navrhovan\u00e9ho objektu. Odhad p\u0159edb\u011b\u017en\u00fdch n\u00e1klad\u016f prov\u00e1d\u00edme na&nbsp;z\u00e1klad\u011b zaslan\u00fdch, nakreslen\u00fdch a&nbsp;ok\u00f3tovan\u00fdch p\u016fdorys\u016f nebo projektov\u00e9 dokumentace objektu. Kone\u010dn\u00e9 ocen\u011bn\u00ed obdr\u017e\u00edte po&nbsp;na\u0161\u00ed n\u00e1v\u0161t\u011bv\u011b, pot\u00e9 co ur\u010d\u00edme rozsah prac\u00ed a&nbsp;provedeme vlastn\u00ed inventuru. Za \u00fa\u010delem projedn\u00e1n\u00ed projektu a&nbsp;jeho ocen\u011bn\u00ed n\u00e1s pros\u00edm kontaktujte &hellip; Continue reading \"Nej\u010dast\u011bj\u0161\u00ed dotazy FAQ\"","og_url":"https:\/\/www.prownes.pl\/cs\/faq\/","og_site_name":"Prownes","article_modified_time":"2022-07-08T07:43:09+00:00","twitter_card":"summary_large_image","twitter_misc":{"Odhadovan\u00e1 doba \u010dten\u00ed":"2 minuty"},"schema":{"@context":"https:\/\/schema.org","@graph":[{"@type":"WebPage","@id":"https:\/\/www.prownes.pl\/cs\/faq\/","url":"https:\/\/www.prownes.pl\/cs\/faq\/","name":"Nej\u010dast\u011bj\u0161\u00ed dotazy FAQ - Prownes","isPartOf":{"@id":"https:\/\/www.prownes.pl\/#website"},"datePublished":"2022-06-22T13:54:32+00:00","dateModified":"2022-07-08T07:43:09+00:00","breadcrumb":{"@id":"https:\/\/www.prownes.pl\/cs\/faq\/#breadcrumb"},"inLanguage":"cs","potentialAction":[{"@type":"ReadAction","target":["https:\/\/www.prownes.pl\/cs\/faq\/"]}]},{"@type":"BreadcrumbList","@id":"https:\/\/www.prownes.pl\/cs\/faq\/#breadcrumb","itemListElement":[{"@type":"ListItem","position":1,"name":"Home","item":"https:\/\/www.prownes.pl\/cs\/"},{"@type":"ListItem","position":2,"name":"Nej\u010dast\u011bj\u0161\u00ed dotazy FAQ"}]},{"@type":"WebSite","@id":"https:\/\/www.prownes.pl\/#website","url":"https:\/\/www.prownes.pl\/","name":"Prownes","description":"Kompleksowa realizacja przestrzeni komercyjnych  od projektu po realizacj\u0119","publisher":{"@id":"https:\/\/www.prownes.pl\/#organization"},"potentialAction":[{"@type":"SearchAction","target":{"@type":"EntryPoint","urlTemplate":"https:\/\/www.prownes.pl\/?s={search_term_string}"},"query-input":{"@type":"PropertyValueSpecification","valueRequired":true,"valueName":"search_term_string"}}],"inLanguage":"cs"},{"@type":"Organization","@id":"https:\/\/www.prownes.pl\/#organization","name":"Prownes","url":"https:\/\/www.prownes.pl\/","logo":{"@type":"ImageObject","inLanguage":"cs","@id":"https:\/\/www.prownes.pl\/#\/schema\/logo\/image\/","url":"https:\/\/www.prownes.pl\/wp-content\/uploads\/2022\/06\/logo_prownes.svg","contentUrl":"https:\/\/www.prownes.pl\/wp-content\/uploads\/2022\/06\/logo_prownes.svg","width":362,"height":110,"caption":"Prownes"},"image":{"@id":"https:\/\/www.prownes.pl\/#\/schema\/logo\/image\/"}}]}},"_links":{"self":[{"href":"https:\/\/www.prownes.pl\/cs\/wp-json\/wp\/v2\/pages\/1097","targetHints":{"allow":["GET"]}}],"collection":[{"href":"https:\/\/www.prownes.pl\/cs\/wp-json\/wp\/v2\/pages"}],"about":[{"href":"https:\/\/www.prownes.pl\/cs\/wp-json\/wp\/v2\/types\/page"}],"author":[{"embeddable":true,"href":"https:\/\/www.prownes.pl\/cs\/wp-json\/wp\/v2\/users\/1"}],"replies":[{"embeddable":true,"href":"https:\/\/www.prownes.pl\/cs\/wp-json\/wp\/v2\/comments?post=1097"}],"version-history":[{"count":0,"href":"https:\/\/www.prownes.pl\/cs\/wp-json\/wp\/v2\/pages\/1097\/revisions"}],"wp:attachment":[{"href":"https:\/\/www.prownes.pl\/cs\/wp-json\/wp\/v2\/media?parent=1097"}],"curies":[{"name":"wp","href":"https:\/\/api.w.org\/{rel}","templated":true}]}}